{"id":14,"date":"2026-04-11T04:36:43","date_gmt":"2026-04-11T04:36:43","guid":{"rendered":"https:\/\/varelacapital.cl\/?page_id=14"},"modified":"2026-04-11T05:28:31","modified_gmt":"2026-04-11T05:28:31","slug":"about-us","status":"publish","type":"page","link":"https:\/\/varelacapital.cl\/?page_id=14","title":{"rendered":"Sobre Nosotros"},"content":{"rendered":"<p data-path-to-node=\"11\">Bienvenidos a <b data-path-to-node=\"11\" data-index-in-node=\"14\">Varela Capital<\/b>. Nacimos con la convicci\u00f3n de que el sector inmobiliario necesitaba un rostro m\u00e1s humano. Por eso, nuestro prop\u00f3sito fundamental es <b data-path-to-node=\"11\" data-index-in-node=\"169\">satisfacer las necesidades de nuestros clientes<\/b> a trav\u00e9s de un servicio honesto y cercano.<\/p>\n<p data-path-to-node=\"12\">Sabemos que buscar un hogar o invertir puede ser abrumador. En nuestro equipo, encontrar\u00e1s aliados que te acompa\u00f1ar\u00e1n en cada paso del camino, poniendo tus intereses siempre en primer lugar. No solo gestionamos inmuebles; construimos relaciones basadas en la confianza y el cumplimiento de tus sue\u00f1os y objetivos.<\/p>\n","protected":false},"excerpt":{"rendered":"<p>Bienvenidos a Varela Capital. Nacimos con la convicci\u00f3n de que el sector inmobiliario necesitaba un rostro m\u00e1s humano. Por eso, nuestro prop\u00f3sito fundamental es satisfacer las necesidades de nuestros clientes a trav\u00e9s de un servicio honesto y cercano. Sabemos que buscar un hogar o invertir puede ser abrumador. En nuestro equipo, encontrar\u00e1s aliados que te [&hellip;]<\/p>\n","protected":false},"author":1,"featured_media":0,"parent":0,"menu_order":0,"comment_status":"closed","ping_status":"closed","template":"","meta":{"footnotes":""},"class_list":["post-14","page","type-page","status-publish","hentry"],"_links":{"self":[{"href":"https:\/\/varelacapital.cl\/index.php?rest_route=\/wp\/v2\/pages\/14","targetHints":{"allow":["GET"]}}],"collection":[{"href":"https:\/\/varelacapital.cl\/index.php?rest_route=\/wp\/v2\/pages"}],"about":[{"href":"https:\/\/varelacapital.cl\/index.php?rest_route=\/wp\/v2\/types\/page"}],"author":[{"embeddable":true,"href":"https:\/\/varelacapital.cl\/index.php?rest_route=\/wp\/v2\/users\/1"}],"replies":[{"embeddable":true,"href":"https:\/\/varelacapital.cl\/index.php?rest_route=%2Fwp%2Fv2%2Fcomments&post=14"}],"version-history":[{"count":2,"href":"https:\/\/varelacapital.cl\/index.php?rest_route=\/wp\/v2\/pages\/14\/revisions"}],"predecessor-version":[{"id":29,"href":"https:\/\/varelacapital.cl\/index.php?rest_route=\/wp\/v2\/pages\/14\/revisions\/29"}],"wp:attachment":[{"href":"https:\/\/varelacapital.cl\/index.php?rest_route=%2Fwp%2Fv2%2Fmedia&parent=14"}],"curies":[{"name":"wp","href":"https:\/\/api.w.org\/{rel}","templated":true}]}}